{"id":9719,"date":"2023-12-20T20:45:41","date_gmt":"2023-12-20T20:45:41","guid":{"rendered":"https:\/\/boozini.pt\/produto\/balde-de-gelo-dionisio-5l-dionisio-ice-bucket-5l-dourado-gold\/"},"modified":"2024-11-12T00:09:32","modified_gmt":"2024-11-12T00:09:32","slug":"balde-de-gelo-dionisio-5l-dionisio-ice-bucket-5l-dourado-gold","status":"publish","type":"product","link":"https:\/\/boozini.pt\/?product=balde-de-gelo-dionisio-5l-dionisio-ice-bucket-5l-dourado-gold","title":{"rendered":"Balde de gelo Dionisio 5L &#8211; Dionisio Ice Bucket 5L | Dourado &#8211; Gold"},"content":{"rendered":"<p>Balde de gelo Dionisio &#8211; Dionisio Ice Bucket \u00e9 ideal para servir Champagne ou Vinho. O design inovador e a eleg\u00e2ncia das linhas fazem dele um dos produtos mais apreciados. O a\u00e7o utilizado (inox 18\/10) garante resist\u00eancia e confiabilidade. Indicado para hot\u00e9is, restaurantes e bares de cocktails.<\/p>\n<p>Marca: Lumian<br \/>\nPa\u00eds de Origem: It\u00e1lia<br \/>\nMaterial: A\u00e7o inoxid\u00e1vel 18\/10<br \/>\nCor: Dourado &#8211; Gold<br \/>\nAltura: 22cm<br \/>\nDi\u00e2metro superior: 21cm<br \/>\nDi\u00e2metro inferior: 14cm<br \/>\nPeso: 930gr<br \/>\nCapacidade: 5lt | 500cl | 5000ml | 169 oz<\/p>\n","protected":false},"excerpt":{"rendered":"<p>Balde de gelo Dionisio &#8211; Dionisio Ice Bucket \u00e9 ideal para servir Champagne ou Vinho. O design inovador e a eleg\u00e2ncia das linhas fazem dele um dos produtos mais apreciados. O a\u00e7o utilizado (inox 18\/10) garante resist\u00eancia e confiabilidade. Indicado para hot\u00e9is, restaurantes e bares de cocktails. Marca: Lumian Pa\u00eds de Origem: It\u00e1lia Material: A\u00e7o [&hellip;]<\/p>\n","protected":false},"featured_media":2883,"template":"","meta":{"site-sidebar-layout":"default","site-content-layout":"default","ast-site-content-layout":"","site-content-style":"default","site-sidebar-style":"default","ast-global-header-display":"","ast-banner-title-visibility":"","ast-main-header-display":"","ast-hfb-above-header-display":"","ast-hfb-below-header-display":"","ast-hfb-mobile-header-display":"","site-post-title":"","ast-breadcrumbs-content":"","ast-featured-img":"","footer-sml-layout":"","theme-transparent-header-meta":"default","adv-header-id-meta":"","stick-header-meta":"","header-above-stick-meta":"","header-main-stick-meta":"","header-below-stick-meta":"","astra-migrate-meta-layouts":"default","ast-page-background-enabled":"default","ast-page-background-meta":{"desktop":{"background-color":"","background-image":"","background-repeat":"repeat","background-position":"center center","background-size":"auto","background-attachment":"scroll","background-type":"","background-media":"","overlay-type":"","overlay-color":"","overlay-opacity":"","overlay-gradient":""},"tablet":{"background-color":"","background-image":"","background-repeat":"repeat","background-position":"center center","background-size":"auto","background-attachment":"scroll","background-type":"","background-media":"","overlay-type":"","overlay-color":"","overlay-opacity":"","overlay-gradient":""},"mobile":{"background-color":"","background-image":"","background-repeat":"repeat","background-position":"center center","background-size":"auto","background-attachment":"scroll","background-type":"","background-media":"","overlay-type":"","overlay-color":"","overlay-opacity":"","overlay-gradient":""}},"ast-content-background-meta":{"desktop":{"background-color":"var(--ast-global-color-5)","background-image":"","background-repeat":"repeat","background-position":"center center","background-size":"auto","background-attachment":"scroll","background-type":"","background-media":"","overlay-type":"","overlay-color":"","overlay-opacity":"","overlay-gradient":""},"tablet":{"background-color":"var(--ast-global-color-5)","background-image":"","background-repeat":"repeat","background-position":"center center","background-size":"auto","background-attachment":"scroll","background-type":"","background-media":"","overlay-type":"","overlay-color":"","overlay-opacity":"","overlay-gradient":""},"mobile":{"background-color":"var(--ast-global-color-5)","background-image":"","background-repeat":"repeat","background-position":"center center","background-size":"auto","background-attachment":"scroll","background-type":"","background-media":"","overlay-type":"","overlay-color":"","overlay-opacity":"","overlay-gradient":""}},"jetpack_post_was_ever_published":false,"_joinchat":[],"jetpack_publicize_message":"","jetpack_publicize_feature_enabled":true,"jetpack_social_post_already_shared":true,"jetpack_social_options":{"image_generator_settings":{"template":"highway","default_image_id":0,"font":"","enabled":false},"version":2},"_wpas_customize_per_network":false},"product_brand":[],"product_cat":[5219],"product_tag":[],"class_list":{"0":"post-9719","1":"product","2":"type-product","3":"status-publish","4":"has-post-thumbnail","6":"product_cat-gelo","7":"desktop-align-center","8":"tablet-align-left","9":"mobile-align-left","11":"first","12":"instock","13":"taxable","14":"shipping-taxable","15":"purchasable","16":"product-type-simple"},"yoast_head":"<!-- This site is optimized with the Yoast SEO plugin v27.3 - https:\/\/yoast.com\/product\/yoast-seo-wordpress\/ -->\n<title>Balde de gelo Dionisio 5L - Dionisio Ice Bucket 5L | Dourado - Gold - BOOZINI<\/title>\n<meta name=\"robots\" content=\"index, follow, max-snippet:-1, max-image-preview:large, max-video-preview:-1\" \/>\n<link rel=\"canonical\" href=\"https:\/\/boozini.pt\/?product=balde-de-gelo-dionisio-5l-dionisio-ice-bucket-5l-dourado-gold\" \/>\n<meta property=\"og:locale\" content=\"pt_PT\" \/>\n<meta property=\"og:type\" content=\"article\" \/>\n<meta property=\"og:title\" content=\"Balde de gelo Dionisio 5L - Dionisio Ice Bucket 5L | Dourado - Gold - BOOZINI\" \/>\n<meta property=\"og:description\" content=\"Balde de gelo Dionisio &#8211; Dionisio Ice Bucket \u00e9 ideal para servir Champagne ou Vinho. O design inovador e a eleg\u00e2ncia das linhas fazem dele um dos produtos mais apreciados. O a\u00e7o utilizado (inox 18\/10) garante resist\u00eancia e confiabilidade. Indicado para hot\u00e9is, restaurantes e bares de cocktails. Marca: Lumian Pa\u00eds de Origem: It\u00e1lia Material: A\u00e7o [&hellip;]\" \/>\n<meta property=\"og:url\" content=\"https:\/\/boozini.pt\/?product=balde-de-gelo-dionisio-5l-dionisio-ice-bucket-5l-dourado-gold\" \/>\n<meta property=\"og:site_name\" content=\"BOOZINI\" \/>\n<meta property=\"article:publisher\" content=\"https:\/\/www.facebook.com\/people\/Boozinicocktails\/100091887177226\/\" \/>\n<meta property=\"article:modified_time\" content=\"2024-11-12T00:09:32+00:00\" \/>\n<meta property=\"og:image\" content=\"https:\/\/i0.wp.com\/boozini.pt\/wp-content\/uploads\/2023\/07\/L0341_Seau_a_glace_gold.jpg?fit=700%2C700&ssl=1\" \/>\n\t<meta property=\"og:image:width\" content=\"700\" \/>\n\t<meta property=\"og:image:height\" content=\"700\" \/>\n\t<meta property=\"og:image:type\" content=\"image\/jpeg\" \/>\n<meta name=\"twitter:card\" content=\"summary_large_image\" \/>\n<script type=\"application\/ld+json\" class=\"yoast-schema-graph\">{\"@context\":\"https:\\\/\\\/schema.org\",\"@graph\":[{\"@type\":\"WebPage\",\"@id\":\"https:\\\/\\\/boozini.pt\\\/?product=balde-de-gelo-dionisio-5l-dionisio-ice-bucket-5l-dourado-gold\",\"url\":\"https:\\\/\\\/boozini.pt\\\/?product=balde-de-gelo-dionisio-5l-dionisio-ice-bucket-5l-dourado-gold\",\"name\":\"Balde de gelo Dionisio 5L - Dionisio Ice Bucket 5L | Dourado - Gold - BOOZINI\",\"isPartOf\":{\"@id\":\"https:\\\/\\\/boozini.pt\\\/#website\"},\"primaryImageOfPage\":{\"@id\":\"https:\\\/\\\/boozini.pt\\\/?product=balde-de-gelo-dionisio-5l-dionisio-ice-bucket-5l-dourado-gold#primaryimage\"},\"image\":{\"@id\":\"https:\\\/\\\/boozini.pt\\\/?product=balde-de-gelo-dionisio-5l-dionisio-ice-bucket-5l-dourado-gold#primaryimage\"},\"thumbnailUrl\":\"https:\\\/\\\/i0.wp.com\\\/boozini.pt\\\/wp-content\\\/uploads\\\/2023\\\/07\\\/L0341_Seau_a_glace_gold.jpg?fit=700%2C700&ssl=1\",\"datePublished\":\"2023-12-20T20:45:41+00:00\",\"dateModified\":\"2024-11-12T00:09:32+00:00\",\"breadcrumb\":{\"@id\":\"https:\\\/\\\/boozini.pt\\\/?product=balde-de-gelo-dionisio-5l-dionisio-ice-bucket-5l-dourado-gold#breadcrumb\"},\"inLanguage\":\"pt-PT\",\"potentialAction\":[{\"@type\":\"ReadAction\",\"target\":[\"https:\\\/\\\/boozini.pt\\\/?product=balde-de-gelo-dionisio-5l-dionisio-ice-bucket-5l-dourado-gold\"]}]},{\"@type\":\"ImageObject\",\"inLanguage\":\"pt-PT\",\"@id\":\"https:\\\/\\\/boozini.pt\\\/?product=balde-de-gelo-dionisio-5l-dionisio-ice-bucket-5l-dourado-gold#primaryimage\",\"url\":\"https:\\\/\\\/i0.wp.com\\\/boozini.pt\\\/wp-content\\\/uploads\\\/2023\\\/07\\\/L0341_Seau_a_glace_gold.jpg?fit=700%2C700&ssl=1\",\"contentUrl\":\"https:\\\/\\\/i0.wp.com\\\/boozini.pt\\\/wp-content\\\/uploads\\\/2023\\\/07\\\/L0341_Seau_a_glace_gold.jpg?fit=700%2C700&ssl=1\",\"width\":700,\"height\":700},{\"@type\":\"BreadcrumbList\",\"@id\":\"https:\\\/\\\/boozini.pt\\\/?product=balde-de-gelo-dionisio-5l-dionisio-ice-bucket-5l-dourado-gold#breadcrumb\",\"itemListElement\":[{\"@type\":\"ListItem\",\"position\":1,\"name\":\"In\u00edcio\",\"item\":\"https:\\\/\\\/boozini.pt\\\/\"},{\"@type\":\"ListItem\",\"position\":2,\"name\":\"Equipamentos de Bar\",\"item\":\"https:\\\/\\\/boozini.pt\\\/?page_id=6075\"},{\"@type\":\"ListItem\",\"position\":3,\"name\":\"Balde de gelo Dionisio 5L &#8211; Dionisio Ice Bucket 5L | Dourado &#8211; Gold\"}]},{\"@type\":\"WebSite\",\"@id\":\"https:\\\/\\\/boozini.pt\\\/#website\",\"url\":\"https:\\\/\\\/boozini.pt\\\/\",\"name\":\"BOOZINI\",\"description\":\"Cocktails e Sangrias prontos a servir!\",\"publisher\":{\"@id\":\"https:\\\/\\\/boozini.pt\\\/#organization\"},\"potentialAction\":[{\"@type\":\"SearchAction\",\"target\":{\"@type\":\"EntryPoint\",\"urlTemplate\":\"https:\\\/\\\/boozini.pt\\\/?s={search_term_string}\"},\"query-input\":{\"@type\":\"PropertyValueSpecification\",\"valueRequired\":true,\"valueName\":\"search_term_string\"}}],\"inLanguage\":\"pt-PT\"},{\"@type\":\"Organization\",\"@id\":\"https:\\\/\\\/boozini.pt\\\/#organization\",\"name\":\"BOOZINI\",\"url\":\"https:\\\/\\\/boozini.pt\\\/\",\"logo\":{\"@type\":\"ImageObject\",\"inLanguage\":\"pt-PT\",\"@id\":\"https:\\\/\\\/boozini.pt\\\/#\\\/schema\\\/logo\\\/image\\\/\",\"url\":\"https:\\\/\\\/i0.wp.com\\\/boozini.pt\\\/wp-content\\\/uploads\\\/2021\\\/08\\\/boozini_logo_preto-1.png?fit=5566%2C1455&ssl=1\",\"contentUrl\":\"https:\\\/\\\/i0.wp.com\\\/boozini.pt\\\/wp-content\\\/uploads\\\/2021\\\/08\\\/boozini_logo_preto-1.png?fit=5566%2C1455&ssl=1\",\"width\":5566,\"height\":1455,\"caption\":\"BOOZINI\"},\"image\":{\"@id\":\"https:\\\/\\\/boozini.pt\\\/#\\\/schema\\\/logo\\\/image\\\/\"},\"sameAs\":[\"https:\\\/\\\/www.facebook.com\\\/people\\\/Boozinicocktails\\\/100091887177226\\\/\",\"https:\\\/\\\/www.instagram.com\\\/boozini.cocktails\\\/\"]}]}<\/script>\n<!-- \/ Yoast SEO plugin. -->","yoast_head_json":{"title":"Balde de gelo Dionisio 5L - Dionisio Ice Bucket 5L | Dourado - Gold - BOOZINI","robots":{"index":"index","follow":"follow","max-snippet":"max-snippet:-1","max-image-preview":"max-image-preview:large","max-video-preview":"max-video-preview:-1"},"canonical":"https:\/\/boozini.pt\/?product=balde-de-gelo-dionisio-5l-dionisio-ice-bucket-5l-dourado-gold","og_locale":"pt_PT","og_type":"article","og_title":"Balde de gelo Dionisio 5L - Dionisio Ice Bucket 5L | Dourado - Gold - BOOZINI","og_description":"Balde de gelo Dionisio &#8211; Dionisio Ice Bucket \u00e9 ideal para servir Champagne ou Vinho. O design inovador e a eleg\u00e2ncia das linhas fazem dele um dos produtos mais apreciados. O a\u00e7o utilizado (inox 18\/10) garante resist\u00eancia e confiabilidade. Indicado para hot\u00e9is, restaurantes e bares de cocktails. Marca: Lumian Pa\u00eds de Origem: It\u00e1lia Material: A\u00e7o [&hellip;]","og_url":"https:\/\/boozini.pt\/?product=balde-de-gelo-dionisio-5l-dionisio-ice-bucket-5l-dourado-gold","og_site_name":"BOOZINI","article_publisher":"https:\/\/www.facebook.com\/people\/Boozinicocktails\/100091887177226\/","article_modified_time":"2024-11-12T00:09:32+00:00","og_image":[{"width":700,"height":700,"url":"https:\/\/i0.wp.com\/boozini.pt\/wp-content\/uploads\/2023\/07\/L0341_Seau_a_glace_gold.jpg?fit=700%2C700&ssl=1","type":"image\/jpeg"}],"twitter_card":"summary_large_image","schema":{"@context":"https:\/\/schema.org","@graph":[{"@type":"WebPage","@id":"https:\/\/boozini.pt\/?product=balde-de-gelo-dionisio-5l-dionisio-ice-bucket-5l-dourado-gold","url":"https:\/\/boozini.pt\/?product=balde-de-gelo-dionisio-5l-dionisio-ice-bucket-5l-dourado-gold","name":"Balde de gelo Dionisio 5L - Dionisio Ice Bucket 5L | Dourado - Gold - BOOZINI","isPartOf":{"@id":"https:\/\/boozini.pt\/#website"},"primaryImageOfPage":{"@id":"https:\/\/boozini.pt\/?product=balde-de-gelo-dionisio-5l-dionisio-ice-bucket-5l-dourado-gold#primaryimage"},"image":{"@id":"https:\/\/boozini.pt\/?product=balde-de-gelo-dionisio-5l-dionisio-ice-bucket-5l-dourado-gold#primaryimage"},"thumbnailUrl":"https:\/\/i0.wp.com\/boozini.pt\/wp-content\/uploads\/2023\/07\/L0341_Seau_a_glace_gold.jpg?fit=700%2C700&ssl=1","datePublished":"2023-12-20T20:45:41+00:00","dateModified":"2024-11-12T00:09:32+00:00","breadcrumb":{"@id":"https:\/\/boozini.pt\/?product=balde-de-gelo-dionisio-5l-dionisio-ice-bucket-5l-dourado-gold#breadcrumb"},"inLanguage":"pt-PT","potentialAction":[{"@type":"ReadAction","target":["https:\/\/boozini.pt\/?product=balde-de-gelo-dionisio-5l-dionisio-ice-bucket-5l-dourado-gold"]}]},{"@type":"ImageObject","inLanguage":"pt-PT","@id":"https:\/\/boozini.pt\/?product=balde-de-gelo-dionisio-5l-dionisio-ice-bucket-5l-dourado-gold#primaryimage","url":"https:\/\/i0.wp.com\/boozini.pt\/wp-content\/uploads\/2023\/07\/L0341_Seau_a_glace_gold.jpg?fit=700%2C700&ssl=1","contentUrl":"https:\/\/i0.wp.com\/boozini.pt\/wp-content\/uploads\/2023\/07\/L0341_Seau_a_glace_gold.jpg?fit=700%2C700&ssl=1","width":700,"height":700},{"@type":"BreadcrumbList","@id":"https:\/\/boozini.pt\/?product=balde-de-gelo-dionisio-5l-dionisio-ice-bucket-5l-dourado-gold#breadcrumb","itemListElement":[{"@type":"ListItem","position":1,"name":"In\u00edcio","item":"https:\/\/boozini.pt\/"},{"@type":"ListItem","position":2,"name":"Equipamentos de Bar","item":"https:\/\/boozini.pt\/?page_id=6075"},{"@type":"ListItem","position":3,"name":"Balde de gelo Dionisio 5L &#8211; Dionisio Ice Bucket 5L | Dourado &#8211; Gold"}]},{"@type":"WebSite","@id":"https:\/\/boozini.pt\/#website","url":"https:\/\/boozini.pt\/","name":"BOOZINI","description":"Cocktails e Sangrias prontos a servir!","publisher":{"@id":"https:\/\/boozini.pt\/#organization"},"potentialAction":[{"@type":"SearchAction","target":{"@type":"EntryPoint","urlTemplate":"https:\/\/boozini.pt\/?s={search_term_string}"},"query-input":{"@type":"PropertyValueSpecification","valueRequired":true,"valueName":"search_term_string"}}],"inLanguage":"pt-PT"},{"@type":"Organization","@id":"https:\/\/boozini.pt\/#organization","name":"BOOZINI","url":"https:\/\/boozini.pt\/","logo":{"@type":"ImageObject","inLanguage":"pt-PT","@id":"https:\/\/boozini.pt\/#\/schema\/logo\/image\/","url":"https:\/\/i0.wp.com\/boozini.pt\/wp-content\/uploads\/2021\/08\/boozini_logo_preto-1.png?fit=5566%2C1455&ssl=1","contentUrl":"https:\/\/i0.wp.com\/boozini.pt\/wp-content\/uploads\/2021\/08\/boozini_logo_preto-1.png?fit=5566%2C1455&ssl=1","width":5566,"height":1455,"caption":"BOOZINI"},"image":{"@id":"https:\/\/boozini.pt\/#\/schema\/logo\/image\/"},"sameAs":["https:\/\/www.facebook.com\/people\/Boozinicocktails\/100091887177226\/","https:\/\/www.instagram.com\/boozini.cocktails\/"]}]}},"jetpack_publicize_connections":[],"jetpack_likes_enabled":true,"jetpack_sharing_enabled":true,"jetpack-related-posts":[],"_links":{"self":[{"href":"https:\/\/boozini.pt\/index.php?rest_route=\/wp\/v2\/product\/9719","targetHints":{"allow":["GET"]}}],"collection":[{"href":"https:\/\/boozini.pt\/index.php?rest_route=\/wp\/v2\/product"}],"about":[{"href":"https:\/\/boozini.pt\/index.php?rest_route=\/wp\/v2\/types\/product"}],"version-history":[{"count":5,"href":"https:\/\/boozini.pt\/index.php?rest_route=\/wp\/v2\/product\/9719\/revisions"}],"predecessor-version":[{"id":13284,"href":"https:\/\/boozini.pt\/index.php?rest_route=\/wp\/v2\/product\/9719\/revisions\/13284"}],"wp:featuredmedia":[{"embeddable":true,"href":"https:\/\/boozini.pt\/index.php?rest_route=\/wp\/v2\/media\/2883"}],"wp:attachment":[{"href":"https:\/\/boozini.pt\/index.php?rest_route=%2Fwp%2Fv2%2Fmedia&parent=9719"}],"wp:term":[{"taxonomy":"product_brand","embeddable":true,"href":"https:\/\/boozini.pt\/index.php?rest_route=%2Fwp%2Fv2%2Fproduct_brand&post=9719"},{"taxonomy":"product_cat","embeddable":true,"href":"https:\/\/boozini.pt\/index.php?rest_route=%2Fwp%2Fv2%2Fproduct_cat&post=9719"},{"taxonomy":"product_tag","embeddable":true,"href":"https:\/\/boozini.pt\/index.php?rest_route=%2Fwp%2Fv2%2Fproduct_tag&post=9719"}],"curies":[{"name":"wp","href":"https:\/\/api.w.org\/{rel}","templated":true}]}}